{"id":9,"date":"2017-08-07T11:06:14","date_gmt":"2017-08-07T11:06:14","guid":{"rendered":"https:\/\/yeshuabo.com.br\/?post_type=product&#038;p=9"},"modified":"2026-02-11T21:49:58","modified_gmt":"2026-02-12T00:49:58","slug":"enemy-of-the-new-world","status":"publish","type":"product","link":"https:\/\/yeshuabo.com.br\/?product=enemy-of-the-new-world","title":{"rendered":"A Verdade Restaurada: A B\u00edblia e a S\u00e3 Doutrina Explicadas por S\u00ed Mesmas"},"content":{"rendered":"<p>A Verdade Restaurada: A B\u00edblia e a S\u00e3 Doutrina Explicadas por Si Mesmas<\/p>\n<p>Este t\u00edtulo foi escolhido para refletir o cora\u00e7\u00e3o desta obra e o prop\u00f3sito central de seu conte\u00fado. A Verdade Restaurada evoca a ideia de que ao longo dos s\u00e9culos, as verdades fundamentais da B\u00edblia, e a doutrina que dela prov\u00e9m, foram obscurecidas ou mal interpretadas. Muitas vezes, os ensinamentos sagrados foram moldados por tradi\u00e7\u00f5es humanas ou por vis\u00f5es parciais, distanciando-se daquilo que originalmente foi revelado.<\/p>\n<p>Ao usar o termo \u201cA Verdade Restaurada\u201d, o objetivo \u00e9 declarar que esta obra busca n\u00e3o apenas expor os textos b\u00edblicos, mas restaurar a compreens\u00e3o correta e \u00edntegra que eles trazem. A restaura\u00e7\u00e3o n\u00e3o \u00e9 apenas um retorno \u00e0s palavras escritas, mas tamb\u00e9m \u00e0 ess\u00eancia e \u00e0 inten\u00e7\u00e3o com que essas palavras foram dadas.<\/p>\n<p>O subt\u00edtulo, \u201cA B\u00edblia e a S\u00e3 Doutrina Explicadas por Si Mesmas\u201d, foi cuidadosamente formulado para transmitir uma mensagem clara: a B\u00edblia \u00e9 o fundamento de toda a verdade espiritual, e a S\u00e3 Doutrina \u00e9 a interpreta\u00e7\u00e3o correta e pura que emerge quando se permite que as Escrituras falem por si mesmas, sem as interfer\u00eancias ou distor\u00e7\u00f5es da tradi\u00e7\u00e3o humana.<\/p>\n<p>A B\u00edblia e a S\u00e3 Doutrina s\u00e3o, portanto, insepar\u00e1veis. Esta obra busca revelar, quando corretamente compreendidos, os ensinamentos b\u00edblicos que apontam para uma doutrina pura, \u201cs\u00e3\u201d no sentido de saud\u00e1vel e aut\u00eantica. A B\u00edblia n\u00e3o precisa de interpreta\u00e7\u00f5es arbitr\u00e1rias ou de manipula\u00e7\u00f5es externas. Ela se explica por si mesma, com coer\u00eancia interna e com respostas claras, que surgem quando nos permitimos estud\u00e1-la em profundidade, de acordo com seus pr\u00f3prios termos e princ\u00edpios.<\/p>\n","protected":false},"excerpt":{"rendered":"<p>Chegou o tempo da Verdade ser Restaurada. Este livro de estudos vai impactar voc\u00ea com vis\u00e3o profunda e fiel das Escrituras!<\/p>\n","protected":false},"featured_media":363,"comment_status":"open","ping_status":"closed","template":"","meta":[],"product_brand":[],"product_cat":[15],"product_tag":[39],"class_list":{"0":"post-9","1":"product","2":"type-product","3":"status-publish","4":"has-post-thumbnail","6":"product_cat-livros","7":"product_tag-livro-fisico","9":"first","10":"instock","11":"shipping-taxable","12":"purchasable","13":"product-type-simple"},"acf":[],"_links":{"self":[{"href":"https:\/\/yeshuabo.com.br\/index.php?rest_route=\/wp\/v2\/product\/9","targetHints":{"allow":["GET"]}}],"collection":[{"href":"https:\/\/yeshuabo.com.br\/index.php?rest_route=\/wp\/v2\/product"}],"about":[{"href":"https:\/\/yeshuabo.com.br\/index.php?rest_route=\/wp\/v2\/types\/product"}],"replies":[{"embeddable":true,"href":"https:\/\/yeshuabo.com.br\/index.php?rest_route=%2Fwp%2Fv2%2Fcomments&post=9"}],"wp:featuredmedia":[{"embeddable":true,"href":"https:\/\/yeshuabo.com.br\/index.php?rest_route=\/wp\/v2\/media\/363"}],"wp:attachment":[{"href":"https:\/\/yeshuabo.com.br\/index.php?rest_route=%2Fwp%2Fv2%2Fmedia&parent=9"}],"wp:term":[{"taxonomy":"product_brand","embeddable":true,"href":"https:\/\/yeshuabo.com.br\/index.php?rest_route=%2Fwp%2Fv2%2Fproduct_brand&post=9"},{"taxonomy":"product_cat","embeddable":true,"href":"https:\/\/yeshuabo.com.br\/index.php?rest_route=%2Fwp%2Fv2%2Fproduct_cat&post=9"},{"taxonomy":"product_tag","embeddable":true,"href":"https:\/\/yeshuabo.com.br\/index.php?rest_route=%2Fwp%2Fv2%2Fproduct_tag&post=9"}],"curies":[{"name":"wp","href":"https:\/\/api.w.org\/{rel}","templated":true}]}}